{"id":20,"date":"2016-01-24T20:42:02","date_gmt":"2016-01-24T19:42:02","guid":{"rendered":"http:\/\/walter-haupt.de\/?page_id=20"},"modified":"2016-02-07T18:54:03","modified_gmt":"2016-02-07T17:54:03","slug":"projekte","status":"publish","type":"page","link":"http:\/\/walter-haupt.de\/?page_id=20","title":{"rendered":"Projekte"},"content":{"rendered":"<table width=\"644\" cellspacing=\"0\" cellpadding=\"7\">\n<tbody>\n<tr valign=\"top\">\n<td width=\"304\">\n<h2 class=\"western\">Musik f\u00fcr eine Landschaft<\/h2>\n<\/td>\n<td width=\"142\">\n<p class=\"western\">1973 Wei\u00dfenstein<\/p>\n<\/td>\n<td width=\"154\">\n<p class=\"western\" align=\"right\"><b>5.000 Zuschauer<\/b><\/p>\n<\/td>\n<\/tr>\n<tr valign=\"top\">\n<td width=\"304\">\n<h2 class=\"western\">Klangwolke \u00fcber M\u00fcnchens Innenstadt<\/h2>\n<h3 class=\"western\">Er\u00f6ffnung M\u00fcnchner Kulturwoche<\/h3>\n<\/td>\n<td width=\"142\">\n<p class=\"western\">1978 M\u00fcnchen<\/p>\n<\/td>\n<td width=\"154\">\n<p class=\"western\" align=\"right\"><b>60.000 Zuschauer<\/b><\/p>\n<\/td>\n<\/tr>\n<tr valign=\"top\">\n<td width=\"304\">\n<h2 class=\"western\">Duineser Theaterversuche<\/h2>\n<h3 class=\"western\">Unter der Schirmherrschaft des Principe della Torre e Tasso<\/h3>\n<h3 class=\"western\"><\/h3>\n<\/td>\n<td width=\"142\">\n<p class=\"western\" lang=\"it-IT\">1979 Schlo\u00df Duino, Italien<\/p>\n<\/td>\n<td width=\"154\">\n<p class=\"western\" align=\"right\"><b>10.000 Zuschauer<\/b><\/p>\n<\/td>\n<\/tr>\n<tr valign=\"top\">\n<td width=\"304\">\n<h2 class=\"western\">Linzer Klangwolke<\/h2>\n<h3 class=\"western\">Allj\u00e4hrlich Er\u00f6ffnung \u201eInternationales Brucknerfest\u201c<\/h3>\n<p class=\"western\">Ber\u00fchmte <b>ORCHESTER<\/b> u.a. die M\u00fcnchner und Wiener Philharmoniker, die Bamberger Sinfoniker, das Bruckner-Orchester Linz, das Orchestra di Santa Cecilia Roma, das Tonhalle-Orchester Z\u00fcrich, das London Symphony Orchester, das Israelische Kammerorchester, das ORF-Sinfonieorchester Wien<\/p>\n<p class=\"western\">und <b>DIRIGENTEN<\/b> wie Stein, Pr\u00eatre, Eschenbach, Fr\u00fchbeck deBurgos, Abbado und Maazel haben bei der Realisierung des musikalischen Teils der sinfonischen Klangwolken-Open-Air-Idee mitgewirkt.<\/p>\n<\/td>\n<td width=\"142\">\n<p class=\"western\">1979 bis 1990 Linz, Austria<\/p>\n<\/td>\n<td width=\"154\">\n<p class=\"western\" align=\"right\"><b>1 Million Zuschauer<\/b><\/p>\n<\/td>\n<\/tr>\n<tr valign=\"top\">\n<td width=\"304\">\n<h2 class=\"western\">Mach-Mit-Konzert<\/h2>\n<h3 class=\"western\">Er\u00f6ffnung \u201dArs electronica\u201d Festival<\/h3>\n<\/td>\n<td width=\"142\">\n<p class=\"western\">1980 Linz, Austria<\/p>\n<\/td>\n<td width=\"154\">\n<p class=\"western\" align=\"right\"><b>3.000 Mitwirkende<\/b><\/p>\n<\/td>\n<\/tr>\n<tr valign=\"top\">\n<td width=\"304\">\n<h2 class=\"western\">Andr\u00e9 Hellers Feuertheater mit<\/h2>\n<h2 class=\"western\">Walter Haupts Klangwolke<\/h2>\n<h3 class=\"western\">Er\u00f6ffnung \u201dBerliner Sommernachtstraum\u201d Festival<\/h3>\n<\/td>\n<td width=\"142\">\n<p class=\"western\">1984 Berlin<\/p>\n<\/td>\n<td width=\"154\">\n<p class=\"western\" align=\"right\"><b>500.000 Zuschauer<\/b><\/p>\n<\/td>\n<\/tr>\n<tr valign=\"top\">\n<td width=\"304\">\n<h2 class=\"western\">Ein Wannseetraum<\/h2>\n<h3 class=\"western\">Abschlu\u00df \u201dBerliner Sommernachtstraum\u201d Festival<\/h3>\n<\/td>\n<td width=\"142\">\n<p class=\"western\">1984 Berlin<\/p>\n<\/td>\n<td width=\"154\">\n<p class=\"western\" align=\"right\"><b>60.000 Zuschauer<\/b><\/p>\n<\/td>\n<\/tr>\n<tr valign=\"top\">\n<td width=\"304\">\n<h2 class=\"western\">Zvucni Oblak<\/h2>\n<h3 class=\"western\">Er\u00f6ffnung deutsche Kulturwoche<\/h3>\n<\/td>\n<td width=\"142\">\n<p class=\"western\">1986 Sarajewo<\/p>\n<\/td>\n<td width=\"154\">\n<p class=\"western\" align=\"right\"><b>100.000 Zuschauer<\/b><\/p>\n<\/td>\n<\/tr>\n<tr valign=\"top\">\n<td width=\"304\">\n<h2 class=\"western\">Ba-Rock-Nacht<\/h2>\n<h3 class=\"western\">Er\u00f6ffnung Schwetzinger Festspiele<\/h3>\n<\/td>\n<td width=\"142\">\n<p class=\"western\">1986 Schwetzingen<\/p>\n<\/td>\n<td width=\"154\">\n<p class=\"western\" align=\"right\"><b>50.000 Zuschauer<\/b><\/p>\n<\/td>\n<\/tr>\n<tr valign=\"top\">\n<td width=\"304\">\n<h2 class=\"western\">K\u00f6lner Klangwolke<\/h2>\n<p class=\"western\"><i>Er\u00f6ffnung Konzerthaus K\u00f6lner Philharmonie <\/i><\/p>\n<\/td>\n<td width=\"142\">\n<p class=\"western\">1986 K\u00f6ln<\/p>\n<\/td>\n<td width=\"154\">\n<p class=\"western\" align=\"right\"><b>150.000 Zuschauer<\/b><\/p>\n<\/td>\n<\/tr>\n<tr valign=\"top\">\n<td width=\"304\">\n<h2 class=\"western\">Klangwolke am See<\/h2>\n<p class=\"western\"><i>Er\u00f6ffnung Internationale Musiktage <\/i><\/p>\n<\/td>\n<td width=\"142\">\n<p class=\"western\">1987 Konstanz<\/p>\n<\/td>\n<td width=\"154\">\n<p class=\"western\" align=\"right\"><b>60.000 Zuschauer<\/b><\/p>\n<\/td>\n<\/tr>\n<tr valign=\"top\">\n<td width=\"304\">\n<h2 class=\"western\">Klangwolke \u00fcber dem Z\u00fcrichsee<\/h2>\n<p class=\"western\"><i>Er\u00f6ffnung Internationale Junifestwochen<\/i><\/p>\n<\/td>\n<td width=\"142\">\n<p class=\"western\">1987 Z\u00fcrich<\/p>\n<\/td>\n<td width=\"154\">\n<p class=\"western\" align=\"right\"><b>150.000 Zuschauer<\/b><\/p>\n<\/td>\n<\/tr>\n<\/tbody>\n<\/table>\n<p class=\"western\" align=\"center\">5<\/p>\n<table width=\"646\" cellspacing=\"0\" cellpadding=\"7\">\n<colgroup>\n<col width=\"304\" \/>\n<col width=\"146\" \/>\n<col width=\"152\" \/> <\/colgroup>\n<tbody>\n<tr valign=\"top\">\n<td width=\"304\">\n<h2 class=\"western\">Klangwolke \u00fcber dem Z\u00fcrichsee<\/h2>\n<p class=\"western\"><i>Er\u00f6ffnung Internationale Junifestwochen<\/i><\/p>\n<\/td>\n<td width=\"146\">\n<p class=\"western\">1987 Z\u00fcrich<\/p>\n<\/td>\n<td width=\"152\">\n<p class=\"western\" align=\"right\"><b>150.000 Zuschauer<\/b><\/p>\n<\/td>\n<\/tr>\n<tr valign=\"top\">\n<td width=\"304\">\n<h2 class=\"western\">Jerusalem Light<\/h2>\n<h3 class=\"western\">Er\u00f6ffnung 40 Jahre Israel<\/h3>\n<\/td>\n<td width=\"146\">\n<p class=\"western\">1988 Jerusalem<\/p>\n<\/td>\n<td width=\"152\">\n<p class=\"western\" align=\"right\"><b>200.000 Zuschauer<\/b><\/p>\n<\/td>\n<\/tr>\n<tr valign=\"top\">\n<td width=\"304\">\n<h2 class=\"western\"><span lang=\"en-GB\">Marat <\/span><span lang=\"en-GB\"><i>Open Air Opera<\/i><\/span><\/h2>\n<h3 class=\"western\"><span lang=\"en-GB\">Zum 200. <\/span>Jahrestag der Franz\u00f6sischen Revolution<\/h3>\n<\/td>\n<td width=\"146\">\n<p class=\"western\">1989 M\u00fcnchen<\/p>\n<\/td>\n<td width=\"152\">\n<p class=\"western\" align=\"right\"><b>250.000 Zuschauer<\/b><\/p>\n<\/td>\n<\/tr>\n<tr valign=\"top\">\n<td width=\"304\">\n<h2 class=\"western\" lang=\"en-GB\">The sky is the limit<\/h2>\n<h3 class=\"western\" lang=\"en-GB\">Abschlu\u00df Israel Festival<\/h3>\n<\/td>\n<td width=\"146\">\n<p class=\"western\">1989 Jerusalem<\/p>\n<\/td>\n<td width=\"152\">\n<p class=\"western\" align=\"right\"><b>250.000 Zuschauer<\/b><\/p>\n<\/td>\n<\/tr>\n<tr valign=\"top\">\n<td width=\"304\">\n<h2 class=\"western\">Berliner Klangwolke<\/h2>\n<h3 class=\"western\">Weltfriedenstag zur Mauer-\u00d6ffnung<\/h3>\n<\/td>\n<td width=\"146\">\n<p class=\"western\">1990 Berlin-Ost<\/p>\n<\/td>\n<td width=\"152\">\n<p class=\"western\" align=\"right\"><b>75.000 Zuschauer<\/b><\/p>\n<\/td>\n<\/tr>\n<tr valign=\"top\">\n<td width=\"304\">\n<h2 class=\"western\">Kepler Klangwolke<\/h2>\n<p class=\"western\"><i>500-Jahr-Feier Stadt Linz<\/i><\/p>\n<\/td>\n<td width=\"146\">\n<p class=\"western\">1990 Linz, Austria<\/p>\n<\/td>\n<td width=\"152\">\n<p class=\"western\" align=\"right\"><b>150.000 Zuschauer<\/b><\/p>\n<\/td>\n<\/tr>\n<tr valign=\"top\">\n<td width=\"304\">\n<h2 class=\"western\">Mozart-Klangwolke<\/h2>\n<h3 class=\"western\">Er\u00f6ffnung Mozartfest<\/h3>\n<\/td>\n<td width=\"146\">\n<p class=\"western\">1991 W\u00fcrzburg<\/p>\n<\/td>\n<td width=\"152\">\n<p class=\"western\" align=\"right\"><b>80.000 Zuschauer<\/b><\/p>\n<\/td>\n<\/tr>\n<tr valign=\"top\">\n<td width=\"304\">\n<h2 class=\"western\"><span lang=\"en-GB\">Dracula <\/span><span lang=\"en-GB\"><i>Fantasy Musical<\/i><\/span><\/h2>\n<p class=\"western\" lang=\"en-GB\">Mit Uwe Ochsenknecht als Dracula<\/p>\n<p class=\"western\" lang=\"en-GB\"><i>Art Open Air Tour<\/i><\/p>\n<\/td>\n<td width=\"146\">\n<p class=\"western\" lang=\"en-GB\">1998 Europatournee<\/p>\n<\/td>\n<td width=\"152\">\n<p class=\"western\" lang=\"en-GB\" align=\"right\"><b>50.000 Zuschauer<\/b><\/p>\n<\/td>\n<\/tr>\n<tr valign=\"top\">\n<td width=\"304\">\n<h2 class=\"western\"><span lang=\"en-GB\">Aida <\/span><span lang=\"en-GB\"><i>als Open Air Opera <\/i><\/span><\/h2>\n<p class=\"western\" lang=\"en-GB\">&amp;<\/p>\n<h2 class=\"western\" lang=\"en-GB\">Aida on Fire<\/h2>\n<p class=\"western\" lang=\"en-GB\">&amp;<\/p>\n<h2 class=\"western\"><span lang=\"en-GB\">Carmen <\/span><span lang=\"en-GB\"><i>als Monumental Opera<\/i><\/span><\/h2>\n<\/td>\n<td width=\"146\">\n<p class=\"western\">1998 Europatournee<\/p>\n<p class=\"western\">2008 &amp; 2009 Welttournee<\/p>\n<\/td>\n<td width=\"152\">\n<p class=\"western\" align=\"right\"><b>300.000 Zuschauer<\/b><\/p>\n<\/td>\n<\/tr>\n<tr valign=\"top\">\n<td width=\"304\">\n<h2 class=\"western\"><span lang=\"en-GB\">Carmina Burana <\/span><span lang=\"en-GB\"><i>Open Air Opera<\/i><\/span><\/h2>\n<h3 class=\"western\"><span lang=\"en-GB\">Zu Orff\u00b4s 100. <\/span>Geburtstag<\/h3>\n<p class=\"gru\u00dfformel-western\" align=\"left\">\u201eDie spektakul\u00e4rste und erfolgreichste Klassikinszenierung unserer Zeit!\u201c<\/p>\n<p class=\"gru\u00dfformel-western\" align=\"left\">\u201eA sensation\u201c <i>(Jornal do Brasil)<\/i><\/p>\n<p class=\"gru\u00dfformel-western\" align=\"left\">\u201e<span lang=\"en-GB\">Un triomphe\u201c <\/span><span lang=\"en-GB\"><i>(Lundi-Matin, Luxembourg)<\/i><\/span><\/p>\n<p class=\"gru\u00dfformel-western\" align=\"left\">\u201e<span lang=\"en-GB\">We were promised monumental and that\u2019s what we got.\u201c <\/span><i>(The Daily Star)<\/i><\/p>\n<p class=\"gru\u00dfformel-western\" align=\"left\">\u201cEin Klassikspektakel wird zum noch nie da gewesenen visuellen Event. Unglaubliche Licht- und Feuereffekte, Orchester, Chor und Solisten sorgen rund um einen gigantischen B\u00fchnenturm bis in die hintersten Publikumsr\u00e4nge f\u00fcr G\u00e4nsehaut und gl\u00e4nzende Augen.\u201c <i>(Kurier)<\/i><\/p>\n<p class=\"gru\u00dfformel-western\" align=\"left\">\u201eEin St\u00fcck Sensation, gigantisch wie noch nie. Totales Theater, totaler Erfolg.\u201c<i> (Morgenpost).<\/i><\/p>\n<\/td>\n<td width=\"146\">\n<p class=\"western\">Seit 1995 auf Welttournee, u.a. in<\/p>\n<p>USA, Kanada,<\/p>\n<p>3 x Brasilien,<\/p>\n<p>Buenos Aires, Santiago de Chile, Uruguay,<\/p>\n<p>Moskau,<\/p>\n<p>5 x Frankreich,<\/p>\n<p>3 x London, Libanon, Luxemburg, Spanien,<\/p>\n<p>Abu Dhabi,<\/p>\n<p>Portugal, Polen, Tschechien,<\/p>\n<p>3 x Mexico,<\/p>\n<p>\u00d6sterreich, Deutschland<\/td>\n<td width=\"152\">\n<p class=\"western\" align=\"center\"><b>\u00dcber 10 Millionen Zuschauer<\/b><\/p>\n<\/td>\n<\/tr>\n<\/tbody>\n<\/table>\n<p class=\"western\" align=\"center\">6<\/p>\n<table width=\"644\" cellspacing=\"0\" cellpadding=\"7\">\n<colgroup>\n<col width=\"628\" \/> <\/colgroup>\n<tbody>\n<tr>\n<td valign=\"top\" width=\"628\">\n<p class=\"western\" align=\"center\"><b>PRESSESTIMMEN<\/b><\/p>\n<\/td>\n<\/tr>\n<\/tbody>\n<\/table>\n<table width=\"642\" cellspacing=\"0\" cellpadding=\"5\">\n<colgroup>\n<col width=\"460\" \/>\n<col width=\"159\" \/> <\/colgroup>\n<tbody>\n<tr valign=\"top\">\n<td width=\"460\">\n<h1 class=\"western\" align=\"left\">Ein Jahrhundertereignis mit 150.000 Besuchern<\/h1>\n<\/td>\n<td width=\"159\">\n<p class=\"western\" align=\"right\">Ober\u00f6sterr. Nachrichten, Linz<\/p>\n<\/td>\n<\/tr>\n<tr valign=\"top\">\n<td width=\"460\">\n<h1 class=\"western\" align=\"left\">Un triomphe<\/h1>\n<\/td>\n<td width=\"159\">\n<p class=\"western\" align=\"right\">Lundi-Matin, Luxembourg<\/p>\n<\/td>\n<\/tr>\n<tr valign=\"top\">\n<td width=\"460\">\n<h1 class=\"western\" align=\"left\">Woodstock der E-Musik<\/h1>\n<\/td>\n<td width=\"159\">\n<p class=\"western\" align=\"right\">Neues Volksblatt,<\/p>\n<p class=\"western\" align=\"right\">Linz<\/p>\n<\/td>\n<\/tr>\n<tr valign=\"top\">\n<td width=\"460\">\n<h1 class=\"western\" align=\"left\">Gigantisches Schauspiel von Farben und Licht<\/h1>\n<\/td>\n<td width=\"159\">\n<p class=\"western\" align=\"right\">K\u00f6lnische Rundschau<\/p>\n<\/td>\n<\/tr>\n<tr valign=\"top\">\n<td width=\"460\">\n<h1 class=\"western\" align=\"left\">Menschenmengen f\u00fcllten die H\u00fcgel des Berges Zion, um die Extravaganz aus Ton und Licht mitzuerleben<\/h1>\n<\/td>\n<td width=\"159\">\n<p class=\"western\" align=\"right\">The Jerusalem Post<\/p>\n<\/td>\n<\/tr>\n<tr valign=\"top\">\n<td width=\"460\">\n<h1 class=\"western\" align=\"left\">70.000 Besucher im Vollbad der Sinnlichkeit<\/h1>\n<\/td>\n<td width=\"159\">\n<p class=\"western\" align=\"right\">AZ, Wien<\/p>\n<\/td>\n<\/tr>\n<tr valign=\"top\">\n<td width=\"460\">\n<h1 class=\"western\" align=\"left\">Ich war emotional so ber\u00fchrt, da\u00df ich G\u00e4nsehaut hatte und mir die Tr\u00e4nen in den Augen standen<\/h1>\n<\/td>\n<td width=\"159\">\n<p class=\"western\" align=\"right\">Besucherin Renate Weber, Stuttgart<\/p>\n<\/td>\n<\/tr>\n<tr valign=\"top\">\n<td width=\"460\">\n<h1 class=\"western\" align=\"left\">Ein \u00fcberw\u00e4ltigendes optisches Spektakel<\/h1>\n<\/td>\n<td width=\"159\">\n<p class=\"western\" align=\"right\">S\u00fcddeutsche Zeitung, M\u00fcnchen<\/p>\n<\/td>\n<\/tr>\n<tr valign=\"top\">\n<td width=\"460\">\n<p class=\"western\" lang=\"fr-FR\"><i>Parisienne, Paris:<\/i><\/p>\n<p class=\"western\" lang=\"fr-FR\">&#8222;&#8230;la remarquable interpr\u00e9tation de l&#8217;Orchestre Symphonique et du Choeur National d&#8217;Ukraine emmen\u00e9s par le charismatique et fougueux chef d&#8217;orchestre allemand Walter Haupt ont charm\u00e9 le public du Palais des Sports&#8230;&#8220;<\/p>\n<p class=\"western\" lang=\"fr-FR\"><i>La Provence, Marseille:<\/i><\/p>\n<p class=\"western\" lang=\"fr-FR\">&#8222;&#8230;chef enthousiaste en la personne de Walter Haupt, distribution ad\u00e9quate et harmonieuse&#8230;&#8220;<\/p>\n<p class=\"western\">&#8230;Verdis aufregender Musik, f\u00fcr die Walter Haupts z\u00fcndendes Dirigat am Pult der gl\u00e4nzenden Lemberger Philharmoniker sorgt.<\/p>\n<p class=\"western\">\u2026 Ein Super-Dirigent, der ehrlich dirigiert (= ohne irgendwelche All\u00fcren) und ganz klar perfekt ein tolles Orchester geleitet hat. So ein sch\u00f6ner Orchesterklang!<\/p>\n<\/td>\n<td width=\"159\">\n<p class=\"western\" align=\"right\">Pressestimmen zum Dirigenten Walter<\/p>\n<\/td>\n<\/tr>\n<\/tbody>\n<\/table>\n","protected":false},"excerpt":{"rendered":"<p>Musik f\u00fcr eine Landschaft 1973 Wei\u00dfenstein 5.000 Zuschauer Klangwolke \u00fcber M\u00fcnchens Innenstadt Er\u00f6ffnung M\u00fcnchner Kulturwoche 1978 M\u00fcnchen 60.000 Zuschauer Duineser Theaterversuche Unter der Schirmherrschaft des Principe della Torre e Tasso 1979 Schlo\u00df Duino, Italien 10.000 Zuschauer Linzer Klangwolke Allj\u00e4hrlich Er\u00f6ffnung \u201eInternationales Brucknerfest\u201c Ber\u00fchmte ORCHESTER u.a. die M\u00fcnchner und Wiener Philharmoniker, die Bamberger Sinfoniker, das Bruckner-Orchester &hellip; <a href=\"http:\/\/walter-haupt.de\/?page_id=20\" class=\"more-link\"><span class=\"screen-reader-text\">Projekte<\/span> weiterlesen <span class=\"meta-nav\">&rarr;<\/span><\/a><\/p>\n","protected":false},"author":1,"featured_media":0,"parent":0,"menu_order":0,"comment_status":"closed","ping_status":"closed","template":"","meta":[],"_links":{"self":[{"href":"http:\/\/walter-haupt.de\/index.php?rest_route=\/wp\/v2\/pages\/20"}],"collection":[{"href":"http:\/\/walter-haupt.de\/index.php?rest_route=\/wp\/v2\/pages"}],"about":[{"href":"http:\/\/walter-haupt.de\/index.php?rest_route=\/wp\/v2\/types\/page"}],"author":[{"embeddable":true,"href":"http:\/\/walter-haupt.de\/index.php?rest_route=\/wp\/v2\/users\/1"}],"replies":[{"embeddable":true,"href":"http:\/\/walter-haupt.de\/index.php?rest_route=%2Fwp%2Fv2%2Fcomments&post=20"}],"version-history":[{"count":4,"href":"http:\/\/walter-haupt.de\/index.php?rest_route=\/wp\/v2\/pages\/20\/revisions"}],"predecessor-version":[{"id":113,"href":"http:\/\/walter-haupt.de\/index.php?rest_route=\/wp\/v2\/pages\/20\/revisions\/113"}],"wp:attachment":[{"href":"http:\/\/walter-haupt.de\/index.php?rest_route=%2Fwp%2Fv2%2Fmedia&parent=20"}],"curies":[{"name":"wp","href":"https:\/\/api.w.org\/{rel}","templated":true}]}}